{"id":5,"date":"2018-10-21T21:12:50","date_gmt":"2018-10-21T19:12:50","guid":{"rendered":"http:\/\/modellebeitina.at\/?page_id=5"},"modified":"2023-05-30T21:26:50","modified_gmt":"2023-05-30T19:26:50","slug":"kontakt","status":"publish","type":"page","link":"https:\/\/www.modellebeitina.at\/?page_id=5","title":{"rendered":"Kontakt"},"content":{"rendered":"<p>Mein Name ist Martina Leidenfrost-Friedl. Ich f\u00fchre nunmehr seit \u00fcber 20 Jahren mit meiner Angestellten Fr. Judith Leser meinen kleinen Betrieb.<br \/>\nNach erfolgreicher schulischer Ausbildung haben wir beide die Meisterpr\u00fcfung erlangt und sind seither stets bem\u00fcht, den Anspr\u00fcchen unserer Kunden gerecht zu werden.<\/p>\n<h3>\u00dcber uns<\/h3>\n<p><a href=\"tel:+436763635655\">+43 676 363 5655<\/a><br \/>\n<a href=\"mailto:martina.leidenfrostfriedl@gmail.com\">martina.leidenfrostfriedl@gmail.com<\/a><\/p>\n<h3>\u00d6ffnungszeiten<\/h3>\n<p>Montag: 09:00 &#8211; 18:00<br \/>\nDienstag: 08:00 &#8211; 15:00<br \/>\nMittwoch: 08:00 &#8211; 18:00<br \/>\nDonnerstag: 08:00 &#8211; 15:00<br \/>\nFreitag: 09:00 &#8211; 13:00<br \/>\nSamstag &#8211; Sonntag: geschlossen<\/p>\n","protected":false},"excerpt":{"rendered":"<p>Mein Name ist Martina Leidenfrost-Friedl. Ich f\u00fchre nunmehr seit \u00fcber 20 Jahren mit meiner Angestellten Fr. Judith Leser meinen kleinen Betrieb. Nach erfolgreicher schulischer Ausbildung haben wir beide die Meisterpr\u00fcfung erlangt und sind seither stets bem\u00fcht, den Anspr\u00fcchen unserer Kunden gerecht zu werden. \u00dcber uns +43 676 363 5655 martina.leidenfrostfriedl@gmail.com \u00d6ffnungszeiten Montag: 09:00 &#8211; 18:00&hellip;<\/p>\n","protected":false},"author":1,"featured_media":0,"parent":0,"menu_order":0,"comment_status":"closed","ping_status":"closed","template":"","meta":{"footnotes":""},"class_list":["post-5","page","type-page","status-publish","hentry","no-post-thumbnail","post-grid-3-col","entry"],"_links":{"self":[{"href":"https:\/\/www.modellebeitina.at\/index.php?rest_route=\/wp\/v2\/pages\/5","targetHints":{"allow":["GET"]}}],"collection":[{"href":"https:\/\/www.modellebeitina.at\/index.php?rest_route=\/wp\/v2\/pages"}],"about":[{"href":"https:\/\/www.modellebeitina.at\/index.php?rest_route=\/wp\/v2\/types\/page"}],"author":[{"embeddable":true,"href":"https:\/\/www.modellebeitina.at\/index.php?rest_route=\/wp\/v2\/users\/1"}],"replies":[{"embeddable":true,"href":"https:\/\/www.modellebeitina.at\/index.php?rest_route=%2Fwp%2Fv2%2Fcomments&post=5"}],"version-history":[{"count":8,"href":"https:\/\/www.modellebeitina.at\/index.php?rest_route=\/wp\/v2\/pages\/5\/revisions"}],"predecessor-version":[{"id":149,"href":"https:\/\/www.modellebeitina.at\/index.php?rest_route=\/wp\/v2\/pages\/5\/revisions\/149"}],"wp:attachment":[{"href":"https:\/\/www.modellebeitina.at\/index.php?rest_route=%2Fwp%2Fv2%2Fmedia&parent=5"}],"curies":[{"name":"wp","href":"https:\/\/api.w.org\/{rel}","templated":true}]}}